{"id":4838,"date":"2018-10-09T21:31:53","date_gmt":"2018-11-26T19:40:27","guid":{"rendered":"https:\/\/www.optimumkimyasal.com\/?post_type=product&#038;p=4838"},"modified":"2018-11-26T19:40:27","modified_gmt":"2018-11-26T19:40:27","slug":"microdos-mp2-pool-t","status":"publish","type":"product","link":"https:\/\/www.optimumkimyasal.com\/en\/product\/microdos-mp2-pool-t\/","title":{"rendered":"Microdos MP2-Pool T"},"content":{"rendered":"","protected":false},"excerpt":{"rendered":"[caption id=\"attachment_3757\" align=\"alignright\" width=\"150\"]<a href=\"https:\/\/www.optimumkimyasal.com\/wp-content\/uploads\/2018\/11\/MP2-POOL-T-En.pdf\" target=\"_blank\" rel=\"noopener\"><img decoding=\"async\" class=\"wp-image-3757 size-full\" src=\"https:\/\/www.optimumkimyasal.com\/wp-content\/uploads\/2018\/10\/pdf-icon.png\" alt=\"\" width=\"150\" height=\"150\" srcset=\"https:\/\/www.optimumkimyasal.com\/wp-content\/uploads\/2018\/10\/pdf-icon.png 150w, https:\/\/www.optimumkimyasal.com\/wp-content\/uploads\/2018\/10\/pdf-icon-75x75.png 75w, https:\/\/www.optimumkimyasal.com\/wp-content\/uploads\/2018\/10\/pdf-icon-129x129.png 129w, https:\/\/www.optimumkimyasal.com\/wp-content\/uploads\/2018\/10\/pdf-icon-69x69.png 69w, https:\/\/www.optimumkimyasal.com\/wp-content\/uploads\/2018\/10\/pdf-icon-50x50.png 50w, https:\/\/www.optimumkimyasal.com\/wp-content\/uploads\/2018\/10\/pdf-icon-100x100.png 100w\" sizes=\"(max-width: 150px) 100vw, 150px\" \/><\/a> \u00dcr\u00fcn Dok\u00fcman\u0131[\/caption]\n<ul>\n<li>Timed Peristaltic pump<\/li>\n<li>Suitable to dose flocculant and anti-algae<\/li>\n<li>Level switch control<\/li>\n<li>Stand by mode and delayed start up<\/li>\n<li>Priming option<\/li>\n<li>Reinforced PP box<\/li>\n<li>Polycarbonate front panel<\/li>\n<li>IP 55 Protection Degree<\/li>\n<\/ul>\n<p><b>PERISTALTIC PUMP SUITABLE TO DOSE FLOCCULANT AND ANTI-ALGAE<\/b><\/p>\n","protected":false},"featured_media":2585,"template":"","meta":[],"product_brand":[],"product_cat":[176],"product_tag":[],"class_list":{"0":"post-4838","1":"product","2":"type-product","3":"status-publish","4":"has-post-thumbnail","6":"product_cat-genel","8":"first","9":"instock","10":"shipping-taxable","11":"product-type-simple"},"yoast_head":"<!-- This site is optimized with the Yoast SEO plugin v26.5 - https:\/\/yoast.com\/wordpress\/plugins\/seo\/ -->\n<title>Microdos MP2-Pool T - Optimum Yaz\u0131l\u0131m<\/title>\n<meta name=\"robots\" content=\"index, follow, max-snippet:-1, max-image-preview:large, max-video-preview:-1\" \/>\n<link rel=\"canonical\" href=\"https:\/\/www.optimumkimyasal.com\/en\/product\/microdos-mp2-pool-t\/\" \/>\n<meta property=\"og:locale\" content=\"en_US\" \/>\n<meta property=\"og:type\" content=\"article\" \/>\n<meta property=\"og:title\" content=\"Microdos MP2-Pool T - Optimum Yaz\u0131l\u0131m\" \/>\n<meta property=\"og:description\" content=\"Timed Peristaltic pump  Suitable to dose flocculant and anti-algae  Level switch control  Stand by mode and delayed start up  Priming option  Reinforced PP box  Polycarbonate front panel  IP 55 Protection Degree  PERISTALTIC PUMP SUITABLE TO DOSE FLOCCULANT AND ANTI-ALGAE\" \/>\n<meta property=\"og:url\" content=\"https:\/\/www.optimumkimyasal.com\/en\/product\/microdos-mp2-pool-t\/\" \/>\n<meta property=\"og:site_name\" content=\"Optimum Yaz\u0131l\u0131m\" \/>\n<meta property=\"article:publisher\" content=\"https:\/\/www.facebook.com\/Microdos-dozaj-pompas%c4%b1-1676852189256923\/\" \/>\n<meta property=\"og:image\" content=\"https:\/\/www.optimumkimyasal.com\/wp-content\/uploads\/2016\/11\/MP2-P.png\" \/>\n\t<meta property=\"og:image:width\" content=\"370\" \/>\n\t<meta property=\"og:image:height\" content=\"266\" \/>\n\t<meta property=\"og:image:type\" content=\"image\/png\" \/>\n<meta name=\"twitter:card\" content=\"summary_large_image\" \/>\n<script type=\"application\/ld+json\" class=\"yoast-schema-graph\">{\"@context\":\"https:\/\/schema.org\",\"@graph\":[{\"@type\":\"WebPage\",\"@id\":\"https:\/\/www.optimumkimyasal.com\/en\/product\/microdos-mp2-pool-t\/\",\"url\":\"https:\/\/www.optimumkimyasal.com\/en\/product\/microdos-mp2-pool-t\/\",\"name\":\"Microdos MP2-Pool T - Optimum Yaz\u0131l\u0131m\",\"isPartOf\":{\"@id\":\"https:\/\/www.optimumkimyasal.com\/#website\"},\"primaryImageOfPage\":{\"@id\":\"https:\/\/www.optimumkimyasal.com\/en\/product\/microdos-mp2-pool-t\/#primaryimage\"},\"image\":{\"@id\":\"https:\/\/www.optimumkimyasal.com\/en\/product\/microdos-mp2-pool-t\/#primaryimage\"},\"thumbnailUrl\":\"https:\/\/www.optimumkimyasal.com\/wp-content\/uploads\/2016\/11\/MP2-P.png\",\"datePublished\":\"2018-11-26T19:40:27+00:00\",\"breadcrumb\":{\"@id\":\"https:\/\/www.optimumkimyasal.com\/en\/product\/microdos-mp2-pool-t\/#breadcrumb\"},\"inLanguage\":\"en-US\",\"potentialAction\":[{\"@type\":\"ReadAction\",\"target\":[\"https:\/\/www.optimumkimyasal.com\/en\/product\/microdos-mp2-pool-t\/\"]}]},{\"@type\":\"ImageObject\",\"inLanguage\":\"en-US\",\"@id\":\"https:\/\/www.optimumkimyasal.com\/en\/product\/microdos-mp2-pool-t\/#primaryimage\",\"url\":\"https:\/\/www.optimumkimyasal.com\/wp-content\/uploads\/2016\/11\/MP2-P.png\",\"contentUrl\":\"https:\/\/www.optimumkimyasal.com\/wp-content\/uploads\/2016\/11\/MP2-P.png\",\"width\":370,\"height\":266,\"caption\":\"Microdos\"},{\"@type\":\"BreadcrumbList\",\"@id\":\"https:\/\/www.optimumkimyasal.com\/en\/product\/microdos-mp2-pool-t\/#breadcrumb\",\"itemListElement\":[{\"@type\":\"ListItem\",\"position\":1,\"name\":\"Home\",\"item\":\"https:\/\/www.optimumkimyasal.com\/\"},{\"@type\":\"ListItem\",\"position\":2,\"name\":\"Shop\",\"item\":\"https:\/\/www.optimumkimyasal.com\/en\/shop\/\"},{\"@type\":\"ListItem\",\"position\":3,\"name\":\"Microdos MP2-Pool T\"}]},{\"@type\":\"WebSite\",\"@id\":\"https:\/\/www.optimumkimyasal.com\/#website\",\"url\":\"https:\/\/www.optimumkimyasal.com\/\",\"name\":\"Optimum Yaz\u0131l\u0131m\",\"description\":\"\",\"potentialAction\":[{\"@type\":\"SearchAction\",\"target\":{\"@type\":\"EntryPoint\",\"urlTemplate\":\"https:\/\/www.optimumkimyasal.com\/?s={search_term_string}\"},\"query-input\":{\"@type\":\"PropertyValueSpecification\",\"valueRequired\":true,\"valueName\":\"search_term_string\"}}],\"inLanguage\":\"en-US\"}]}<\/script>\n<!-- \/ Yoast SEO plugin. -->","yoast_head_json":{"title":"Microdos MP2-Pool T - Optimum Yaz\u0131l\u0131m","robots":{"index":"index","follow":"follow","max-snippet":"max-snippet:-1","max-image-preview":"max-image-preview:large","max-video-preview":"max-video-preview:-1"},"canonical":"https:\/\/www.optimumkimyasal.com\/en\/product\/microdos-mp2-pool-t\/","og_locale":"en_US","og_type":"article","og_title":"Microdos MP2-Pool T - Optimum Yaz\u0131l\u0131m","og_description":"Timed Peristaltic pump  Suitable to dose flocculant and anti-algae  Level switch control  Stand by mode and delayed start up  Priming option  Reinforced PP box  Polycarbonate front panel  IP 55 Protection Degree  PERISTALTIC PUMP SUITABLE TO DOSE FLOCCULANT AND ANTI-ALGAE","og_url":"https:\/\/www.optimumkimyasal.com\/en\/product\/microdos-mp2-pool-t\/","og_site_name":"Optimum Yaz\u0131l\u0131m","article_publisher":"https:\/\/www.facebook.com\/Microdos-dozaj-pompas%c4%b1-1676852189256923\/","og_image":[{"width":370,"height":266,"url":"https:\/\/www.optimumkimyasal.com\/wp-content\/uploads\/2016\/11\/MP2-P.png","type":"image\/png"}],"twitter_card":"summary_large_image","schema":{"@context":"https:\/\/schema.org","@graph":[{"@type":"WebPage","@id":"https:\/\/www.optimumkimyasal.com\/en\/product\/microdos-mp2-pool-t\/","url":"https:\/\/www.optimumkimyasal.com\/en\/product\/microdos-mp2-pool-t\/","name":"Microdos MP2-Pool T - Optimum Yaz\u0131l\u0131m","isPartOf":{"@id":"https:\/\/www.optimumkimyasal.com\/#website"},"primaryImageOfPage":{"@id":"https:\/\/www.optimumkimyasal.com\/en\/product\/microdos-mp2-pool-t\/#primaryimage"},"image":{"@id":"https:\/\/www.optimumkimyasal.com\/en\/product\/microdos-mp2-pool-t\/#primaryimage"},"thumbnailUrl":"https:\/\/www.optimumkimyasal.com\/wp-content\/uploads\/2016\/11\/MP2-P.png","datePublished":"2018-11-26T19:40:27+00:00","breadcrumb":{"@id":"https:\/\/www.optimumkimyasal.com\/en\/product\/microdos-mp2-pool-t\/#breadcrumb"},"inLanguage":"en-US","potentialAction":[{"@type":"ReadAction","target":["https:\/\/www.optimumkimyasal.com\/en\/product\/microdos-mp2-pool-t\/"]}]},{"@type":"ImageObject","inLanguage":"en-US","@id":"https:\/\/www.optimumkimyasal.com\/en\/product\/microdos-mp2-pool-t\/#primaryimage","url":"https:\/\/www.optimumkimyasal.com\/wp-content\/uploads\/2016\/11\/MP2-P.png","contentUrl":"https:\/\/www.optimumkimyasal.com\/wp-content\/uploads\/2016\/11\/MP2-P.png","width":370,"height":266,"caption":"Microdos"},{"@type":"BreadcrumbList","@id":"https:\/\/www.optimumkimyasal.com\/en\/product\/microdos-mp2-pool-t\/#breadcrumb","itemListElement":[{"@type":"ListItem","position":1,"name":"Home","item":"https:\/\/www.optimumkimyasal.com\/"},{"@type":"ListItem","position":2,"name":"Shop","item":"https:\/\/www.optimumkimyasal.com\/en\/shop\/"},{"@type":"ListItem","position":3,"name":"Microdos MP2-Pool T"}]},{"@type":"WebSite","@id":"https:\/\/www.optimumkimyasal.com\/#website","url":"https:\/\/www.optimumkimyasal.com\/","name":"Optimum Yaz\u0131l\u0131m","description":"","potentialAction":[{"@type":"SearchAction","target":{"@type":"EntryPoint","urlTemplate":"https:\/\/www.optimumkimyasal.com\/?s={search_term_string}"},"query-input":{"@type":"PropertyValueSpecification","valueRequired":true,"valueName":"search_term_string"}}],"inLanguage":"en-US"}]}},"_links":{"self":[{"href":"https:\/\/www.optimumkimyasal.com\/en\/wp-json\/wp\/v2\/product\/4838","targetHints":{"allow":["GET"]}}],"collection":[{"href":"https:\/\/www.optimumkimyasal.com\/en\/wp-json\/wp\/v2\/product"}],"about":[{"href":"https:\/\/www.optimumkimyasal.com\/en\/wp-json\/wp\/v2\/types\/product"}],"wp:featuredmedia":[{"embeddable":true,"href":"https:\/\/www.optimumkimyasal.com\/en\/wp-json\/wp\/v2\/media\/2585"}],"wp:attachment":[{"href":"https:\/\/www.optimumkimyasal.com\/en\/wp-json\/wp\/v2\/media?parent=4838"}],"wp:term":[{"taxonomy":"product_brand","embeddable":true,"href":"https:\/\/www.optimumkimyasal.com\/en\/wp-json\/wp\/v2\/product_brand?post=4838"},{"taxonomy":"product_cat","embeddable":true,"href":"https:\/\/www.optimumkimyasal.com\/en\/wp-json\/wp\/v2\/product_cat?post=4838"},{"taxonomy":"product_tag","embeddable":true,"href":"https:\/\/www.optimumkimyasal.com\/en\/wp-json\/wp\/v2\/product_tag?post=4838"}],"curies":[{"name":"wp","href":"https:\/\/api.w.org\/{rel}","templated":true}]}}