{"id":4754,"date":"2018-11-21T06:56:22","date_gmt":"2018-11-21T06:56:22","guid":{"rendered":"https:\/\/www.optimumkimyasal.com\/?page_id=4754"},"modified":"2024-10-16T13:25:17","modified_gmt":"2024-10-16T13:25:17","slug":"contact-us","status":"publish","type":"page","link":"https:\/\/www.optimumkimyasal.com\/en\/contact-us\/","title":{"rendered":"Contact Us"},"content":{"rendered":"<div class=\"wpb-content-wrapper\"><p>[vc_row css=&#8221;.vc_custom_1541091932190{margin-top: 60px !important;margin-bottom: 0px !important;}&#8221;][vc_column width=&#8221;1\/2&#8243; el_class=&#8221;stm_icon_box_responsive&#8221;][vc_custom_heading text=&#8221;Contact Info:&#8221; font_container=&#8221;tag:h3|text_align:left&#8221; use_theme_fonts=&#8221;yes&#8221; css=&#8221;.vc_custom_1539088254118{margin-top: -20px !important;margin-bottom: 35px !important;}&#8221;][stm_contacts_widget style=&#8221;style_4&#8243; address=&#8221;Optimum Yaz\u0131l\u0131m A.\u015e.<br \/>\nCevizli Mah. Zuhal Cad. No: 46 Mazaya Ritim \u0130stanbul<br \/>\nA1 Ticari Blok No:370 Maltepe \/ \u0130stanbul&#8221; phone=&#8221;+90 216 540 68 04&#8243; phone_two=&#8221;+90 533 141 31 13&#8243; email=&#8221;info@optimumkimyasal.com&#8221;][\/vc_column][vc_column width=&#8221;1\/2&#8243;][vc_custom_heading text=&#8221;Location:&#8221; font_container=&#8221;tag:h3|text_align:left&#8221; use_theme_fonts=&#8221;yes&#8221; css=&#8221;.vc_custom_1539088267478{margin-top: -20px !important;margin-bottom: 35px !important;}&#8221;][vc_gmaps link=&#8221;#E-8_JTNDaWZyYW1lJTIwc3JjJTNEJTIyaHR0cHMlM0ElMkYlMkZ3d3cuZ29vZ2xlLmNvbSUyRm1hcHMlMkZlbWJlZCUzRnBiJTNEJTIxMW0xOCUyMTFtMTIlMjExbTMlMjExZDMwMTQuNzExMzI0MzY0MDYzMyUyMTJkMjkuMTU1NjYxMTEwOTM5Mzg0JTIxM2Q0MC45MjIwNzUwMjQ2MTAwMiUyMTJtMyUyMTFmMCUyMTJmMCUyMTNmMCUyMTNtMiUyMTFpMTAyNCUyMTJpNzY4JTIxNGYxMy4xJTIxM20zJTIxMW0yJTIxMXMweDE0Y2FjNDEzZWM3NGM4ZmYlMjUzQTB4NjViNjgxMTU0Y2ZjMzUyNCUyMTJzUml0aW0lMjUyMCUyNUM0JTI1QjBzdGFuYnVsJTI1MjBBVk0lMjE1ZTAlMjEzbTIlMjExc3RyJTIxMnN0ciUyMTR2MTcyOTA4NDY5Mjc5MSUyMTVtMiUyMTFzdHIlMjEyc3RyJTIyJTIwd2lkdGglM0QlMjI2MDAlMjIlMjBoZWlnaHQlM0QlMjI0NTAlMjIlMjBzdHlsZSUzRCUyMmJvcmRlciUzQTAlM0IlMjIlMjBhbGxvd2Z1bGxzY3JlZW4lM0QlMjIlMjIlMjBsb2FkaW5nJTNEJTIybGF6eSUyMiUyMHJlZmVycmVycG9saWN5JTNEJTIybm8tcmVmZXJyZXItd2hlbi1kb3duZ3JhZGUlMjIlM0UlM0MlMkZpZnJhbWUlM0U=&#8221; size=&#8221;266&#8243; css=&#8221;&#8221;][\/vc_column][\/vc_row]<\/p>\n<\/div>","protected":false},"excerpt":{"rendered":"<p>[vc_row css=&#8221;.vc_custom_1541091932190{margin-top: 60px !important;margin-bottom: 0px !important;}&#8221;][vc_column width=&#8221;1\/2&#8243; el_class=&#8221;stm_icon_box_responsive&#8221;][vc_custom_heading text=&#8221;Contact Info:&#8221; font_container=&#8221;tag:h3|text_align:left&#8221; use_theme_fonts=&#8221;yes&#8221; css=&#8221;.vc_custom_1539088254118{margin-top: -20px !important;margin-bottom: 35px !important;}&#8221;][stm_contacts_widget style=&#8221;style_4&#8243; address=&#8221;Optimum Yaz\u0131l\u0131m A.\u015e. Cevizli Mah. Zuhal Cad. No: 46 Mazaya Ritim \u0130stanbul A1 Ticari Blok No:370 Maltepe \/ \u0130stanbul&#8221; phone=&#8221;+90 216 540 68 04&#8243; phone_two=&#8221;+90 533 141 31 13&#8243; email=&#8221;info@optimumkimyasal.com&#8221;][\/vc_column][vc_column width=&#8221;1\/2&#8243;][vc_custom_heading text=&#8221;Location:&#8221; font_container=&#8221;tag:h3|text_align:left&#8221; use_theme_fonts=&#8221;yes&#8221; css=&#8221;.vc_custom_1539088267478{margin-top: -20px !important;margin-bottom:<\/p>\n","protected":false},"author":1,"featured_media":0,"parent":0,"menu_order":0,"comment_status":"closed","ping_status":"closed","template":"","meta":{"footnotes":""},"class_list":["post-4754","page","type-page","status-publish","hentry"],"yoast_head":"<!-- This site is optimized with the Yoast SEO plugin v26.5 - https:\/\/yoast.com\/wordpress\/plugins\/seo\/ -->\n<title>Optimum Software Development<\/title>\n<meta name=\"description\" content=\"As an Optimum Chemical Inc., we provide \u2018\u2019OUT-OF-HOME CONSUMPTION SECTOR\u2019\u2019 products and technical services to hospitals, schools, catering companies, factories, restaurants and cafes in many parts of Turkey.\" \/>\n<meta name=\"robots\" content=\"index, follow, max-snippet:-1, max-image-preview:large, max-video-preview:-1\" \/>\n<link rel=\"canonical\" href=\"https:\/\/www.optimumkimyasal.com\/iletisim-2\/\" \/>\n<meta property=\"og:locale\" content=\"en_US\" \/>\n<meta property=\"og:type\" content=\"article\" \/>\n<meta property=\"og:title\" content=\"Optimum Software Development\" \/>\n<meta property=\"og:description\" content=\"As an Optimum Chemical Inc., we provide \u2018\u2019OUT-OF-HOME CONSUMPTION SECTOR\u2019\u2019 products and technical services to hospitals, schools, catering companies, factories, restaurants and cafes in many parts of Turkey.\" \/>\n<meta property=\"og:url\" content=\"https:\/\/www.optimumkimyasal.com\/iletisim-2\/\" \/>\n<meta property=\"og:site_name\" content=\"Optimum Yaz\u0131l\u0131m\" \/>\n<meta property=\"article:publisher\" content=\"https:\/\/www.facebook.com\/Microdos-dozaj-pompas%c4%b1-1676852189256923\/\" \/>\n<meta property=\"article:modified_time\" content=\"2024-10-16T13:25:17+00:00\" \/>\n<meta name=\"twitter:card\" content=\"summary_large_image\" \/>\n<meta name=\"twitter:label1\" content=\"Est. reading time\" \/>\n\t<meta name=\"twitter:data1\" content=\"1 minute\" \/>\n<script type=\"application\/ld+json\" class=\"yoast-schema-graph\">{\"@context\":\"https:\/\/schema.org\",\"@graph\":[{\"@type\":\"WebPage\",\"@id\":\"https:\/\/www.optimumkimyasal.com\/iletisim-2\/\",\"url\":\"https:\/\/www.optimumkimyasal.com\/iletisim-2\/\",\"name\":\"Optimum Software Development\",\"isPartOf\":{\"@id\":\"https:\/\/www.optimumkimyasal.com\/#website\"},\"datePublished\":\"2018-11-21T06:56:22+00:00\",\"dateModified\":\"2024-10-16T13:25:17+00:00\",\"description\":\"As an Optimum Chemical Inc., we provide \u2018\u2019OUT-OF-HOME CONSUMPTION SECTOR\u2019\u2019 products and technical services to hospitals, schools, catering companies, factories, restaurants and cafes in many parts of Turkey.\",\"breadcrumb\":{\"@id\":\"https:\/\/www.optimumkimyasal.com\/iletisim-2\/#breadcrumb\"},\"inLanguage\":\"en-US\",\"potentialAction\":[{\"@type\":\"ReadAction\",\"target\":[\"https:\/\/www.optimumkimyasal.com\/iletisim-2\/\"]}]},{\"@type\":\"BreadcrumbList\",\"@id\":\"https:\/\/www.optimumkimyasal.com\/iletisim-2\/#breadcrumb\",\"itemListElement\":[{\"@type\":\"ListItem\",\"position\":1,\"name\":\"Home\",\"item\":\"https:\/\/www.optimumkimyasal.com\/\"},{\"@type\":\"ListItem\",\"position\":2,\"name\":\"Contact Us\"}]},{\"@type\":\"WebSite\",\"@id\":\"https:\/\/www.optimumkimyasal.com\/#website\",\"url\":\"https:\/\/www.optimumkimyasal.com\/\",\"name\":\"Optimum Yaz\u0131l\u0131m\",\"description\":\"\",\"potentialAction\":[{\"@type\":\"SearchAction\",\"target\":{\"@type\":\"EntryPoint\",\"urlTemplate\":\"https:\/\/www.optimumkimyasal.com\/?s={search_term_string}\"},\"query-input\":{\"@type\":\"PropertyValueSpecification\",\"valueRequired\":true,\"valueName\":\"search_term_string\"}}],\"inLanguage\":\"en-US\"}]}<\/script>\n<!-- \/ Yoast SEO plugin. -->","yoast_head_json":{"title":"Optimum Software Development","description":"As an Optimum Chemical Inc., we provide \u2018\u2019OUT-OF-HOME CONSUMPTION SECTOR\u2019\u2019 products and technical services to hospitals, schools, catering companies, factories, restaurants and cafes in many parts of Turkey.","robots":{"index":"index","follow":"follow","max-snippet":"max-snippet:-1","max-image-preview":"max-image-preview:large","max-video-preview":"max-video-preview:-1"},"canonical":"https:\/\/www.optimumkimyasal.com\/iletisim-2\/","og_locale":"en_US","og_type":"article","og_title":"Optimum Software Development","og_description":"As an Optimum Chemical Inc., we provide \u2018\u2019OUT-OF-HOME CONSUMPTION SECTOR\u2019\u2019 products and technical services to hospitals, schools, catering companies, factories, restaurants and cafes in many parts of Turkey.","og_url":"https:\/\/www.optimumkimyasal.com\/iletisim-2\/","og_site_name":"Optimum Yaz\u0131l\u0131m","article_publisher":"https:\/\/www.facebook.com\/Microdos-dozaj-pompas%c4%b1-1676852189256923\/","article_modified_time":"2024-10-16T13:25:17+00:00","twitter_card":"summary_large_image","twitter_misc":{"Est. reading time":"1 minute"},"schema":{"@context":"https:\/\/schema.org","@graph":[{"@type":"WebPage","@id":"https:\/\/www.optimumkimyasal.com\/iletisim-2\/","url":"https:\/\/www.optimumkimyasal.com\/iletisim-2\/","name":"Optimum Software Development","isPartOf":{"@id":"https:\/\/www.optimumkimyasal.com\/#website"},"datePublished":"2018-11-21T06:56:22+00:00","dateModified":"2024-10-16T13:25:17+00:00","description":"As an Optimum Chemical Inc., we provide \u2018\u2019OUT-OF-HOME CONSUMPTION SECTOR\u2019\u2019 products and technical services to hospitals, schools, catering companies, factories, restaurants and cafes in many parts of Turkey.","breadcrumb":{"@id":"https:\/\/www.optimumkimyasal.com\/iletisim-2\/#breadcrumb"},"inLanguage":"en-US","potentialAction":[{"@type":"ReadAction","target":["https:\/\/www.optimumkimyasal.com\/iletisim-2\/"]}]},{"@type":"BreadcrumbList","@id":"https:\/\/www.optimumkimyasal.com\/iletisim-2\/#breadcrumb","itemListElement":[{"@type":"ListItem","position":1,"name":"Home","item":"https:\/\/www.optimumkimyasal.com\/"},{"@type":"ListItem","position":2,"name":"Contact Us"}]},{"@type":"WebSite","@id":"https:\/\/www.optimumkimyasal.com\/#website","url":"https:\/\/www.optimumkimyasal.com\/","name":"Optimum Yaz\u0131l\u0131m","description":"","potentialAction":[{"@type":"SearchAction","target":{"@type":"EntryPoint","urlTemplate":"https:\/\/www.optimumkimyasal.com\/?s={search_term_string}"},"query-input":{"@type":"PropertyValueSpecification","valueRequired":true,"valueName":"search_term_string"}}],"inLanguage":"en-US"}]}},"_links":{"self":[{"href":"https:\/\/www.optimumkimyasal.com\/en\/wp-json\/wp\/v2\/pages\/4754","targetHints":{"allow":["GET"]}}],"collection":[{"href":"https:\/\/www.optimumkimyasal.com\/en\/wp-json\/wp\/v2\/pages"}],"about":[{"href":"https:\/\/www.optimumkimyasal.com\/en\/wp-json\/wp\/v2\/types\/page"}],"author":[{"embeddable":true,"href":"https:\/\/www.optimumkimyasal.com\/en\/wp-json\/wp\/v2\/users\/1"}],"replies":[{"embeddable":true,"href":"https:\/\/www.optimumkimyasal.com\/en\/wp-json\/wp\/v2\/comments?post=4754"}],"version-history":[{"count":6,"href":"https:\/\/www.optimumkimyasal.com\/en\/wp-json\/wp\/v2\/pages\/4754\/revisions"}],"predecessor-version":[{"id":5103,"href":"https:\/\/www.optimumkimyasal.com\/en\/wp-json\/wp\/v2\/pages\/4754\/revisions\/5103"}],"wp:attachment":[{"href":"https:\/\/www.optimumkimyasal.com\/en\/wp-json\/wp\/v2\/media?parent=4754"}],"curies":[{"name":"wp","href":"https:\/\/api.w.org\/{rel}","templated":true}]}}